{"id":62,"date":"2019-02-16T21:30:38","date_gmt":"2019-02-16T21:30:38","guid":{"rendered":"http:\/\/pfarrgemeinde-parsberg.de\/?page_id=62"},"modified":"2023-01-12T15:25:33","modified_gmt":"2023-01-12T14:25:33","slug":"pfarrgemeinden","status":"publish","type":"page","link":"http:\/\/pfarrgemeinde-parsberg.de\/?page_id=62","title":{"rendered":"Pfarrgemeinden"},"content":{"rendered":"\n<h3 class=\"wp-block-heading\">Katholische Pfarrgemeinde St. Andreas, Parsberg<\/h3>\n\n\n\n<p> Die Pfarrei geh\u00f6rt zum Bistum Regensburg und zum Dekanat Laaber. Der Pfarrgemeinde geh\u00f6ren 3.300 Katholiken aus Parsberg, 310 aus Willenhofen und 230 aus Herrnried an.<\/p>\n\n\n\n<h3 class=\"wp-block-heading\">Benefiziumskirche St. Mauritius, Willenhofen<\/h3>\n\n\n<div class=\"wp-block-image\">\n<figure class=\"aligncenter\"><img loading=\"lazy\" decoding=\"async\" width=\"180\" height=\"240\" src=\"http:\/\/pfarrgemeinde-parsberg.de\/wp-content\/uploads\/2019\/03\/willenhofen.jpg\" alt=\"\" class=\"wp-image-200\"\/><\/figure>\n<\/div>\n\n\n<p> 1735 wurde sie an Stelle einer 1728 abgebrochenen Kirche errichtet, die  auf dem Moritzberg au\u00dferhalb der Ortschaft gestanden hatte. Sie war urspr\u00fcnglich eine Filiale von See. Die Kirche kann als ein sch\u00f6nes Beispiel f\u00fcr die  barocken Dorfkirchen des Oberpf\u00e4lzer Jura gesehen werden. <\/p>\n\n\n\n<h3 class=\"wp-block-heading\">Filialkirche Mari\u00e4 Heimsuchung, Herrnried<\/h3>\n\n\n<div class=\"wp-block-image\">\n<figure class=\"aligncenter\"><img loading=\"lazy\" decoding=\"async\" width=\"180\" height=\"240\" src=\"http:\/\/pfarrgemeinde-parsberg.de\/wp-content\/uploads\/2019\/03\/herrnried.jpg\" alt=\"\" class=\"wp-image-203\"\/><\/figure>\n<\/div>\n\n\n<p> Der einstige Hofmarksitz Herrnried wird bereits zu Beginn des 12.  Jahrhunderts erw\u00e4hnt. Der Bau der jetzigen Kirche wurde nach dem Abbruch der  Schlosskirche 1854 errichtet. Nach der letzten Renovierung zeigt sie sich heute im Nazarener-Stil.  <\/p>\n\n\n\n<h3 class=\"wp-block-heading\">Filialkirche Hackenhofen<\/h3>\n\n\n<div class=\"wp-block-image\">\n<figure class=\"aligncenter\"><img loading=\"lazy\" decoding=\"async\" width=\"180\" height=\"240\" src=\"http:\/\/pfarrgemeinde-parsberg.de\/wp-content\/uploads\/2019\/03\/hackenhofen.jpg\" alt=\"\" class=\"wp-image-204\"\/><\/figure>\n<\/div>","protected":false},"excerpt":{"rendered":"<p>Katholische Pfarrgemeinde St. Andreas, Parsberg Die Pfarrei geh\u00f6rt zum Bistum Regensburg und zum Dekanat Laaber. Der Pfarrgemeinde geh\u00f6ren 3.300 Katholiken aus Parsberg, 310 aus Willenhofen und 230 aus Herrnried an. Benefiziumskirche St. Mauritius, Willenhofen 1735 wurde sie an Stelle einer 1728 abgebrochenen Kirche errichtet, die auf dem Moritzberg au\u00dferhalb der Ortschaft gestanden hatte. Sie war &hellip; <\/p>\n<p class=\"link-more\"><a href=\"http:\/\/pfarrgemeinde-parsberg.de\/?page_id=62\" class=\"more-link\"><span class=\"screen-reader-text\">\u201ePfarrgemeinden\u201c<\/span> weiterlesen<\/a><\/p>\n","protected":false},"author":1,"featured_media":0,"parent":0,"menu_order":0,"comment_status":"closed","ping_status":"closed","template":"","meta":{"footnotes":""},"class_list":["post-62","page","type-page","status-publish","hentry"],"_links":{"self":[{"href":"http:\/\/pfarrgemeinde-parsberg.de\/index.php?rest_route=\/wp\/v2\/pages\/62","targetHints":{"allow":["GET"]}}],"collection":[{"href":"http:\/\/pfarrgemeinde-parsberg.de\/index.php?rest_route=\/wp\/v2\/pages"}],"about":[{"href":"http:\/\/pfarrgemeinde-parsberg.de\/index.php?rest_route=\/wp\/v2\/types\/page"}],"author":[{"embeddable":true,"href":"http:\/\/pfarrgemeinde-parsberg.de\/index.php?rest_route=\/wp\/v2\/users\/1"}],"replies":[{"embeddable":true,"href":"http:\/\/pfarrgemeinde-parsberg.de\/index.php?rest_route=%2Fwp%2Fv2%2Fcomments&post=62"}],"version-history":[{"count":4,"href":"http:\/\/pfarrgemeinde-parsberg.de\/index.php?rest_route=\/wp\/v2\/pages\/62\/revisions"}],"predecessor-version":[{"id":1008,"href":"http:\/\/pfarrgemeinde-parsberg.de\/index.php?rest_route=\/wp\/v2\/pages\/62\/revisions\/1008"}],"wp:attachment":[{"href":"http:\/\/pfarrgemeinde-parsberg.de\/index.php?rest_route=%2Fwp%2Fv2%2Fmedia&parent=62"}],"curies":[{"name":"wp","href":"https:\/\/api.w.org\/{rel}","templated":true}]}}