{"id":42,"date":"2019-02-16T21:19:42","date_gmt":"2019-02-16T21:19:42","guid":{"rendered":"http:\/\/pfarrgemeinde-parsberg.de\/?page_id=42"},"modified":"2019-02-16T21:19:42","modified_gmt":"2019-02-16T21:19:42","slug":"haftungsausschuss","status":"publish","type":"page","link":"http:\/\/pfarrgemeinde-parsberg.de\/?page_id=42","title":{"rendered":"Haftungsausschuss"},"content":{"rendered":"\n<h3 class=\"wp-block-heading\">Verweise und Links<\/h3>\n\n\n\n<p>Bei direkten oder indirekten Verweisen auf fremde Webseiten (&#8222;Hyperlinks&#8220;), \ndie au\u00dferhalb des Verantwortungsbereiches des Autors liegen, w\u00fcrde eine \nHaftungsverpflichtung ausschlie\u00dflich in dem Fall in Kraft treten, in dem der \nAutor von den Inhalten Kenntnis hat und es ihm technisch m\u00f6glich und zumutbar \nw\u00e4re, die Nutzung im Falle rechtswidriger Inhalte zu verhindern. Der Autor \nerkl\u00e4rt hiermit ausdr\u00fccklich, dass zum Zeitpunkt der Linksetzung keine illegalen \nInhalte auf den zu verlinkenden Seiten erkennbar waren. Auf die aktuelle und \nzuk\u00fcnftige Gestaltung, die Inhalte oder die Urheberschaft der \ngelinkten\/verkn\u00fcpften Seiten hat der Autor keinerlei Einfluss. Deshalb \ndistanziert er sich hiermit ausdr\u00fccklich von allen Inhalten aller gelinkten \n\/verkn\u00fcpften Seiten, die nach der Linksetzung ver\u00e4ndert wurden. Diese \nFeststellung gilt f\u00fcr alle innerhalb des eigenen Internetangebotes gesetzten \nLinks und Verweise sowie f\u00fcr Fremdeintr\u00e4ge in vom Autor eingerichteten \nG\u00e4steb\u00fcchern, Diskussionsforen und Mailinglisten. F\u00fcr illegale, fehlerhafte oder \nunvollst\u00e4ndige Inhalte und insbesondere f\u00fcr Sch\u00e4den, die aus der Nutzung oder \nNichtnutzung solcherart dargebotener Informationen entstehen, haftet allein der \nAnbieter der Seite, auf welche verwiesen wurde, nicht derjenige, der \u00fcber Links \nauf die jeweilige Ver\u00f6ffentlichung lediglich verweist.<\/p>\n","protected":false},"excerpt":{"rendered":"<p>Verweise und Links Bei direkten oder indirekten Verweisen auf fremde Webseiten (&#8222;Hyperlinks&#8220;), die au\u00dferhalb des Verantwortungsbereiches des Autors liegen, w\u00fcrde eine Haftungsverpflichtung ausschlie\u00dflich in dem Fall in Kraft treten, in dem der Autor von den Inhalten Kenntnis hat und es ihm technisch m\u00f6glich und zumutbar w\u00e4re, die Nutzung im Falle rechtswidriger Inhalte zu verhindern. Der &hellip; <\/p>\n<p class=\"link-more\"><a href=\"http:\/\/pfarrgemeinde-parsberg.de\/?page_id=42\" class=\"more-link\"><span class=\"screen-reader-text\">\u201eHaftungsausschuss\u201c<\/span> weiterlesen<\/a><\/p>\n","protected":false},"author":1,"featured_media":0,"parent":0,"menu_order":0,"comment_status":"closed","ping_status":"closed","template":"","meta":{"footnotes":""},"class_list":["post-42","page","type-page","status-publish","hentry"],"_links":{"self":[{"href":"http:\/\/pfarrgemeinde-parsberg.de\/index.php?rest_route=\/wp\/v2\/pages\/42","targetHints":{"allow":["GET"]}}],"collection":[{"href":"http:\/\/pfarrgemeinde-parsberg.de\/index.php?rest_route=\/wp\/v2\/pages"}],"about":[{"href":"http:\/\/pfarrgemeinde-parsberg.de\/index.php?rest_route=\/wp\/v2\/types\/page"}],"author":[{"embeddable":true,"href":"http:\/\/pfarrgemeinde-parsberg.de\/index.php?rest_route=\/wp\/v2\/users\/1"}],"replies":[{"embeddable":true,"href":"http:\/\/pfarrgemeinde-parsberg.de\/index.php?rest_route=%2Fwp%2Fv2%2Fcomments&post=42"}],"version-history":[{"count":1,"href":"http:\/\/pfarrgemeinde-parsberg.de\/index.php?rest_route=\/wp\/v2\/pages\/42\/revisions"}],"predecessor-version":[{"id":43,"href":"http:\/\/pfarrgemeinde-parsberg.de\/index.php?rest_route=\/wp\/v2\/pages\/42\/revisions\/43"}],"wp:attachment":[{"href":"http:\/\/pfarrgemeinde-parsberg.de\/index.php?rest_route=%2Fwp%2Fv2%2Fmedia&parent=42"}],"curies":[{"name":"wp","href":"https:\/\/api.w.org\/{rel}","templated":true}]}}